{"id":1174,"date":"2021-03-06T21:56:24","date_gmt":"2021-03-06T21:56:24","guid":{"rendered":"https:\/\/insolvencyhelp.co.uk\/blog\/"},"modified":"2025-09-28T15:19:14","modified_gmt":"2025-09-28T15:19:14","slug":"noutati-si-sfaturi","status":"publish","type":"page","link":"https:\/\/insolvencyhelp.co.uk\/ro\/noutati-si-sfaturi\/","title":{"rendered":"Sfaturi"},"content":{"rendered":"\t\t<div data-elementor-type=\"wp-page\" data-elementor-id=\"1174\" class=\"elementor elementor-1174 elementor-316\" data-elementor-post-type=\"page\">\n\t\t\t\t<div class=\"elementor-element elementor-element-59bbaaf e-con-full e-flex e-con e-parent\" data-id=\"59bbaaf\" data-element_type=\"container\" data-e-type=\"container\" data-settings=\"{&quot;background_background&quot;:&quot;classic&quot;}\">\n\t\t\t\t<div class=\"elementor-element elementor-element-9211fba elementor-widget elementor-widget-heading\" data-id=\"9211fba\" data-element_type=\"widget\" data-e-type=\"widget\" data-widget_type=\"heading.default\">\n\t\t\t\t<div class=\"elementor-widget-container\">\n\t\t\t\t\t<h2 class=\"elementor-heading-title elementor-size-default\">INSOLVENCY HELP<\/h2>\t\t\t\t<\/div>\n\t\t\t\t<\/div>\n\t\t\t\t<div class=\"elementor-element elementor-element-92fa78b elementor-widget__width-initial elementor-widget elementor-widget-heading\" data-id=\"92fa78b\" data-element_type=\"widget\" data-e-type=\"widget\" dark_mob_h=\"\" data-widget_type=\"heading.default\">\n\t\t\t\t<div class=\"elementor-widget-container\">\n\t\t\t\t\t<h1 class=\"elementor-heading-title elementor-size-default\">Latest Insolvency news that all Company Directors should read!<\/h1>\t\t\t\t<\/div>\n\t\t\t\t<\/div>\n\t\t\t\t<div class=\"elementor-element elementor-element-598950b elementor-widget__width-initial elementor-widget elementor-widget-heading\" data-id=\"598950b\" data-element_type=\"widget\" data-e-type=\"widget\" data-widget_type=\"heading.default\">\n\t\t\t\t<div class=\"elementor-widget-container\">\n\t\t\t\t\t<p class=\"elementor-heading-title elementor-size-default\">A comprehensive library of useful articles, guides, tips and advice for company directors. A must-visit for directors looking to gain further understanding<\/p>\t\t\t\t<\/div>\n\t\t\t\t<\/div>\n\t\t\t\t<\/div>\n\t\t<div class=\"elementor-element elementor-element-8e6f232 e-con-full e-flex e-con e-parent\" data-id=\"8e6f232\" data-element_type=\"container\" data-e-type=\"container\" data-settings=\"{&quot;background_background&quot;:&quot;classic&quot;}\">\n\t\t<div class=\"elementor-element elementor-element-bbdd22d e-con-full e-flex e-con e-child\" data-id=\"bbdd22d\" data-element_type=\"container\" data-e-type=\"container\">\n\t\t\t\t<div class=\"elementor-element elementor-element-9ed4153 elementor-grid-3 elementor-grid-tablet-2 elementor-grid-mobile-1 elementor-posts--thumbnail-top elementor-card-shadow-yes elementor-posts__hover-gradient elementor-widget elementor-widget-posts\" data-id=\"9ed4153\" data-element_type=\"widget\" data-e-type=\"widget\" data-settings=\"{&quot;pagination_type&quot;:&quot;numbers&quot;,&quot;cards_columns&quot;:&quot;3&quot;,&quot;cards_columns_tablet&quot;:&quot;2&quot;,&quot;cards_columns_mobile&quot;:&quot;1&quot;,&quot;cards_row_gap&quot;:{&quot;unit&quot;:&quot;px&quot;,&quot;size&quot;:35,&quot;sizes&quot;:[]},&quot;cards_row_gap_tablet&quot;:{&quot;unit&quot;:&quot;px&quot;,&quot;size&quot;:&quot;&quot;,&quot;sizes&quot;:[]},&quot;cards_row_gap_mobile&quot;:{&quot;unit&quot;:&quot;px&quot;,&quot;size&quot;:&quot;&quot;,&quot;sizes&quot;:[]}}\" data-widget_type=\"posts.cards\">\n\t\t\t\t<div class=\"elementor-widget-container\">\n\t\t\t\t\t\t\t<div class=\"elementor-posts-container elementor-posts elementor-posts--skin-cards elementor-grid\" role=\"list\">\n\t\t\t\t<article class=\"elementor-post elementor-grid-item post-18474 post type-post status-publish format-standard has-post-thumbnail hentry category-uncategorized-ro\" role=\"listitem\">\n\t\t\t<div class=\"elementor-post__card\">\n\t\t\t\t<a class=\"elementor-post__thumbnail__link\" href=\"https:\/\/insolvencyhelp.co.uk\/ro\/blog\/vat-debt-and-hmrc-expert-insights-into-hm-revenue-and-customs-debt-management\/\" tabindex=\"-1\" ><div class=\"elementor-post__thumbnail\"><img fetchpriority=\"high\" decoding=\"async\" width=\"365\" height=\"243\" src=\"https:\/\/insolvencyhelp.co.uk\/wp-content\/uploads\/2025\/04\/VAT-debt-and-HMRC-Expert-insights-into-HM-revenue-and-customs-debt-management-365x243.jpg\" class=\"attachment-reobiz_blog-slider size-reobiz_blog-slider wp-image-17903\" alt=\"VAT debt and HMRC - Expert insights into HM revenue and customs debt management\" srcset=\"https:\/\/insolvencyhelp.co.uk\/wp-content\/uploads\/2025\/04\/VAT-debt-and-HMRC-Expert-insights-into-HM-revenue-and-customs-debt-management-365x243.jpg 365w, https:\/\/insolvencyhelp.co.uk\/wp-content\/uploads\/2025\/04\/VAT-debt-and-HMRC-Expert-insights-into-HM-revenue-and-customs-debt-management-300x200.jpg 300w, https:\/\/insolvencyhelp.co.uk\/wp-content\/uploads\/2025\/04\/VAT-debt-and-HMRC-Expert-insights-into-HM-revenue-and-customs-debt-management-768x512.jpg 768w, https:\/\/insolvencyhelp.co.uk\/wp-content\/uploads\/2025\/04\/VAT-debt-and-HMRC-Expert-insights-into-HM-revenue-and-customs-debt-management.jpg 1000w\" sizes=\"(max-width: 365px) 100vw, 365px\" \/><\/div><\/a>\n\t\t\t\t<div class=\"elementor-post__badge\">Uncategorized @ro<\/div>\n\t\t\t\t<div class=\"elementor-post__text\">\n\t\t\t\t<h3 class=\"elementor-post__title\">\n\t\t\t<a href=\"https:\/\/insolvencyhelp.co.uk\/ro\/blog\/vat-debt-and-hmrc-expert-insights-into-hm-revenue-and-customs-debt-management\/\" >\n\t\t\t\tDatorii de TVA \u0219i HMRC: Perspective de specialitate asupra gestion\u0103rii datoriilor de c\u0103tre HM Revenue &#038; Customs\t\t\t<\/a>\n\t\t<\/h3>\n\t\t\n\t\t<a class=\"elementor-post__read-more\" href=\"https:\/\/insolvencyhelp.co.uk\/ro\/blog\/vat-debt-and-hmrc-expert-insights-into-hm-revenue-and-customs-debt-management\/\" aria-label=\"Read more about Datorii de TVA \u0219i HMRC: Perspective de specialitate asupra gestion\u0103rii datoriilor de c\u0103tre HM Revenue &#038; Customs\" tabindex=\"-1\" >\n\t\t\tRead More \u00bb\t\t<\/a>\n\n\t\t\t\t<\/div>\n\t\t\t\t\t<\/div>\n\t\t<\/article>\n\t\t\t\t<article class=\"elementor-post elementor-grid-item post-18462 post type-post status-publish format-standard has-post-thumbnail hentry category-uncategorized-ro\" role=\"listitem\">\n\t\t\t<div class=\"elementor-post__card\">\n\t\t\t\t<a class=\"elementor-post__thumbnail__link\" href=\"https:\/\/insolvencyhelp.co.uk\/ro\/blog\/struggling-with-bounce-back-loan-repayments-heres-your-complete-guide-to-navigating-bbls-debt\/\" tabindex=\"-1\" ><div class=\"elementor-post__thumbnail\"><img decoding=\"async\" width=\"365\" height=\"243\" src=\"https:\/\/insolvencyhelp.co.uk\/wp-content\/uploads\/2025\/02\/some-coins-inside-a-lifeline-365x243.jpg\" class=\"attachment-reobiz_blog-slider size-reobiz_blog-slider wp-image-17647\" alt=\"some coins inside a lifeline\" srcset=\"https:\/\/insolvencyhelp.co.uk\/wp-content\/uploads\/2025\/02\/some-coins-inside-a-lifeline-365x243.jpg 365w, https:\/\/insolvencyhelp.co.uk\/wp-content\/uploads\/2025\/02\/some-coins-inside-a-lifeline-300x200.jpg 300w, https:\/\/insolvencyhelp.co.uk\/wp-content\/uploads\/2025\/02\/some-coins-inside-a-lifeline-1024x684.jpg 1024w, https:\/\/insolvencyhelp.co.uk\/wp-content\/uploads\/2025\/02\/some-coins-inside-a-lifeline-768x513.jpg 768w, https:\/\/insolvencyhelp.co.uk\/wp-content\/uploads\/2025\/02\/some-coins-inside-a-lifeline.jpg 1200w\" sizes=\"(max-width: 365px) 100vw, 365px\" \/><\/div><\/a>\n\t\t\t\t<div class=\"elementor-post__badge\">Uncategorized @ro<\/div>\n\t\t\t\t<div class=\"elementor-post__text\">\n\t\t\t\t<h3 class=\"elementor-post__title\">\n\t\t\t<a href=\"https:\/\/insolvencyhelp.co.uk\/ro\/blog\/struggling-with-bounce-back-loan-repayments-heres-your-complete-guide-to-navigating-bbls-debt\/\" >\n\t\t\t\tTe confrun\u021bi cu dificult\u0103\u021bi \u00een rambursarea \u00eemprumutului Bounce Back Loan? Iat\u0103 ghidul complet pentru gestionarea datoriei BBLS\t\t\t<\/a>\n\t\t<\/h3>\n\t\t\n\t\t<a class=\"elementor-post__read-more\" href=\"https:\/\/insolvencyhelp.co.uk\/ro\/blog\/struggling-with-bounce-back-loan-repayments-heres-your-complete-guide-to-navigating-bbls-debt\/\" aria-label=\"Read more about Te confrun\u021bi cu dificult\u0103\u021bi \u00een rambursarea \u00eemprumutului Bounce Back Loan? Iat\u0103 ghidul complet pentru gestionarea datoriei BBLS\" tabindex=\"-1\" >\n\t\t\tRead More \u00bb\t\t<\/a>\n\n\t\t\t\t<\/div>\n\t\t\t\t\t<\/div>\n\t\t<\/article>\n\t\t\t\t<article class=\"elementor-post elementor-grid-item post-18455 post type-post status-publish format-standard has-post-thumbnail hentry category-uncategorized-ro\" role=\"listitem\">\n\t\t\t<div class=\"elementor-post__card\">\n\t\t\t\t<a class=\"elementor-post__thumbnail__link\" href=\"https:\/\/insolvencyhelp.co.uk\/ro\/blog\/what-happens-when-a-company-goes-into-liquidation-the-effect-of-liquidation-on-a-company-and-why-the-management-should-know-this-process-very-well\/\" tabindex=\"-1\" ><div class=\"elementor-post__thumbnail\"><img decoding=\"async\" width=\"365\" height=\"243\" src=\"https:\/\/insolvencyhelp.co.uk\/wp-content\/uploads\/2024\/07\/Title_What-happens-when-a-company-goes-into-liquidation-the-effect-of-liquidation-on-a-company-and-why-the-management-should-know-very-well-this-process-365x243.jpg\" class=\"attachment-reobiz_blog-slider size-reobiz_blog-slider wp-image-16870\" alt=\"What happens when a company goes into liquidation-the effect of liquidation on a company and why the management should know very well this proces\" srcset=\"https:\/\/insolvencyhelp.co.uk\/wp-content\/uploads\/2024\/07\/Title_What-happens-when-a-company-goes-into-liquidation-the-effect-of-liquidation-on-a-company-and-why-the-management-should-know-very-well-this-process-365x243.jpg 365w, https:\/\/insolvencyhelp.co.uk\/wp-content\/uploads\/2024\/07\/Title_What-happens-when-a-company-goes-into-liquidation-the-effect-of-liquidation-on-a-company-and-why-the-management-should-know-very-well-this-process-300x200.jpg 300w, https:\/\/insolvencyhelp.co.uk\/wp-content\/uploads\/2024\/07\/Title_What-happens-when-a-company-goes-into-liquidation-the-effect-of-liquidation-on-a-company-and-why-the-management-should-know-very-well-this-process-1024x683.jpg 1024w, https:\/\/insolvencyhelp.co.uk\/wp-content\/uploads\/2024\/07\/Title_What-happens-when-a-company-goes-into-liquidation-the-effect-of-liquidation-on-a-company-and-why-the-management-should-know-very-well-this-process-768x512.jpg 768w, https:\/\/insolvencyhelp.co.uk\/wp-content\/uploads\/2024\/07\/Title_What-happens-when-a-company-goes-into-liquidation-the-effect-of-liquidation-on-a-company-and-why-the-management-should-know-very-well-this-process.jpg 1200w\" sizes=\"(max-width: 365px) 100vw, 365px\" \/><\/div><\/a>\n\t\t\t\t<div class=\"elementor-post__badge\">Uncategorized @ro<\/div>\n\t\t\t\t<div class=\"elementor-post__text\">\n\t\t\t\t<h3 class=\"elementor-post__title\">\n\t\t\t<a href=\"https:\/\/insolvencyhelp.co.uk\/ro\/blog\/what-happens-when-a-company-goes-into-liquidation-the-effect-of-liquidation-on-a-company-and-why-the-management-should-know-this-process-very-well\/\" >\n\t\t\t\tCe se \u00eent\u00e2mpl\u0103 atunci c\u00e2nd o companie intr\u0103 \u00een lichidare \u2013 efectele lichid\u0103rii asupra unei companii \u0219i de ce managementul ar trebui s\u0103 cunoasc\u0103 foarte bine acest proces\t\t\t<\/a>\n\t\t<\/h3>\n\t\t\n\t\t<a class=\"elementor-post__read-more\" href=\"https:\/\/insolvencyhelp.co.uk\/ro\/blog\/what-happens-when-a-company-goes-into-liquidation-the-effect-of-liquidation-on-a-company-and-why-the-management-should-know-this-process-very-well\/\" aria-label=\"Read more about Ce se \u00eent\u00e2mpl\u0103 atunci c\u00e2nd o companie intr\u0103 \u00een lichidare \u2013 efectele lichid\u0103rii asupra unei companii \u0219i de ce managementul ar trebui s\u0103 cunoasc\u0103 foarte bine acest proces\" tabindex=\"-1\" >\n\t\t\tRead More \u00bb\t\t<\/a>\n\n\t\t\t\t<\/div>\n\t\t\t\t\t<\/div>\n\t\t<\/article>\n\t\t\t\t<\/div>\n\t\t\n\t\t\t\t<div class=\"e-load-more-anchor\" data-page=\"1\" data-max-page=\"3\" data-next-page=\"https:\/\/insolvencyhelp.co.uk\/ro\/wp-json\/wp\/v2\/pages\/1174\/page\/2\/\"><\/div>\n\t\t\t\t<nav class=\"elementor-pagination\" aria-label=\"Pagination\">\n\t\t\t<span aria-current=\"page\" class=\"page-numbers current\"><span class=\"elementor-screen-only\">Page<\/span>1<\/span>\n<a class=\"page-numbers\" href=\"https:\/\/insolvencyhelp.co.uk\/ro\/wp-json\/wp\/v2\/pages\/1174\/page\/2\/\"><span class=\"elementor-screen-only\">Page<\/span>2<\/a>\n<a class=\"page-numbers\" href=\"https:\/\/insolvencyhelp.co.uk\/ro\/wp-json\/wp\/v2\/pages\/1174\/page\/3\/\"><span class=\"elementor-screen-only\">Page<\/span>3<\/a>\t\t<\/nav>\n\t\t\t\t\t\t<\/div>\n\t\t\t\t<\/div>\n\t\t\t\t<\/div>\n\t\t\t\t<\/div>\n\t\t\t\t<\/div>\n\t\t","protected":false},"excerpt":{"rendered":"<p>INSOLVENCY HELP Latest Insolvency news that all Company Directors should<\/p>\n","protected":false},"author":1,"featured_media":0,"parent":0,"menu_order":0,"comment_status":"closed","ping_status":"closed","template":"elementor_header_footer","meta":{"_uf_show_specific_survey":0,"_uf_disable_surveys":false,"footnotes":""},"class_list":["post-1174","page","type-page","status-publish","hentry"],"aioseo_notices":[],"_links":{"self":[{"href":"https:\/\/insolvencyhelp.co.uk\/ro\/wp-json\/wp\/v2\/pages\/1174","targetHints":{"allow":["GET"]}}],"collection":[{"href":"https:\/\/insolvencyhelp.co.uk\/ro\/wp-json\/wp\/v2\/pages"}],"about":[{"href":"https:\/\/insolvencyhelp.co.uk\/ro\/wp-json\/wp\/v2\/types\/page"}],"author":[{"embeddable":true,"href":"https:\/\/insolvencyhelp.co.uk\/ro\/wp-json\/wp\/v2\/users\/1"}],"replies":[{"embeddable":true,"href":"https:\/\/insolvencyhelp.co.uk\/ro\/wp-json\/wp\/v2\/comments?post=1174"}],"version-history":[{"count":14,"href":"https:\/\/insolvencyhelp.co.uk\/ro\/wp-json\/wp\/v2\/pages\/1174\/revisions"}],"predecessor-version":[{"id":17984,"href":"https:\/\/insolvencyhelp.co.uk\/ro\/wp-json\/wp\/v2\/pages\/1174\/revisions\/17984"}],"wp:attachment":[{"href":"https:\/\/insolvencyhelp.co.uk\/ro\/wp-json\/wp\/v2\/media?parent=1174"}],"curies":[{"name":"wp","href":"https:\/\/api.w.org\/{rel}","templated":true}]}}