{"id":1292,"date":"2021-04-22T22:44:50","date_gmt":"2021-04-22T22:44:50","guid":{"rendered":"https:\/\/insolvencyhelp.co.uk\/blog\/"},"modified":"2025-09-28T15:18:57","modified_gmt":"2025-09-28T15:18:57","slug":"blog","status":"publish","type":"page","link":"https:\/\/insolvencyhelp.co.uk\/pl\/blog\/","title":{"rendered":"Blog"},"content":{"rendered":"\t\t<div data-elementor-type=\"wp-page\" data-elementor-id=\"1292\" class=\"elementor elementor-1292 elementor-316\" data-elementor-post-type=\"page\">\n\t\t\t\t<div class=\"elementor-element elementor-element-59bbaaf e-con-full e-flex e-con e-parent\" data-id=\"59bbaaf\" data-element_type=\"container\" data-e-type=\"container\" data-settings=\"{&quot;background_background&quot;:&quot;classic&quot;}\">\n\t\t\t\t<div class=\"elementor-element elementor-element-9211fba elementor-widget elementor-widget-heading\" data-id=\"9211fba\" data-element_type=\"widget\" data-e-type=\"widget\" data-widget_type=\"heading.default\">\n\t\t\t\t<div class=\"elementor-widget-container\">\n\t\t\t\t\t<h2 class=\"elementor-heading-title elementor-size-default\">INSOLVENCY HELP<\/h2>\t\t\t\t<\/div>\n\t\t\t\t<\/div>\n\t\t\t\t<div class=\"elementor-element elementor-element-92fa78b elementor-widget__width-initial elementor-widget elementor-widget-heading\" data-id=\"92fa78b\" data-element_type=\"widget\" data-e-type=\"widget\" dark_mob_h=\"\" data-widget_type=\"heading.default\">\n\t\t\t\t<div class=\"elementor-widget-container\">\n\t\t\t\t\t<h1 class=\"elementor-heading-title elementor-size-default\">Latest Insolvency news that all Company Directors should read!<\/h1>\t\t\t\t<\/div>\n\t\t\t\t<\/div>\n\t\t\t\t<div class=\"elementor-element elementor-element-598950b elementor-widget__width-initial elementor-widget elementor-widget-heading\" data-id=\"598950b\" data-element_type=\"widget\" data-e-type=\"widget\" data-widget_type=\"heading.default\">\n\t\t\t\t<div class=\"elementor-widget-container\">\n\t\t\t\t\t<p class=\"elementor-heading-title elementor-size-default\">A comprehensive library of useful articles, guides, tips and advice for company directors. A must-visit for directors looking to gain further understanding<\/p>\t\t\t\t<\/div>\n\t\t\t\t<\/div>\n\t\t\t\t<\/div>\n\t\t<div class=\"elementor-element elementor-element-8e6f232 e-con-full e-flex e-con e-parent\" data-id=\"8e6f232\" data-element_type=\"container\" data-e-type=\"container\" data-settings=\"{&quot;background_background&quot;:&quot;classic&quot;}\">\n\t\t<div class=\"elementor-element elementor-element-bbdd22d e-con-full e-flex e-con e-child\" data-id=\"bbdd22d\" data-element_type=\"container\" data-e-type=\"container\">\n\t\t\t\t<div class=\"elementor-element elementor-element-9ed4153 elementor-grid-3 elementor-grid-tablet-2 elementor-grid-mobile-1 elementor-posts--thumbnail-top elementor-card-shadow-yes elementor-posts__hover-gradient elementor-widget elementor-widget-posts\" data-id=\"9ed4153\" data-element_type=\"widget\" data-e-type=\"widget\" data-settings=\"{&quot;pagination_type&quot;:&quot;numbers&quot;,&quot;cards_columns&quot;:&quot;3&quot;,&quot;cards_columns_tablet&quot;:&quot;2&quot;,&quot;cards_columns_mobile&quot;:&quot;1&quot;,&quot;cards_row_gap&quot;:{&quot;unit&quot;:&quot;px&quot;,&quot;size&quot;:35,&quot;sizes&quot;:[]},&quot;cards_row_gap_tablet&quot;:{&quot;unit&quot;:&quot;px&quot;,&quot;size&quot;:&quot;&quot;,&quot;sizes&quot;:[]},&quot;cards_row_gap_mobile&quot;:{&quot;unit&quot;:&quot;px&quot;,&quot;size&quot;:&quot;&quot;,&quot;sizes&quot;:[]}}\" data-widget_type=\"posts.cards\">\n\t\t\t\t<div class=\"elementor-widget-container\">\n\t\t\t\t\t\t\t<div class=\"elementor-posts-container elementor-posts elementor-posts--skin-cards elementor-grid\" role=\"list\">\n\t\t\t\t<article class=\"elementor-post elementor-grid-item post-1257 post type-post status-publish format-standard has-post-thumbnail hentry category-bez-kategorii\" role=\"listitem\">\n\t\t\t<div class=\"elementor-post__card\">\n\t\t\t\t<a class=\"elementor-post__thumbnail__link\" href=\"https:\/\/insolvencyhelp.co.uk\/pl\/blog\/pomoc-biznesowa-dotyczaca-koronawirusa-jak-moge-ochronic-swoja-firme\/\" tabindex=\"-1\" ><div class=\"elementor-post__thumbnail\"><img fetchpriority=\"high\" decoding=\"async\" width=\"365\" height=\"243\" src=\"https:\/\/insolvencyhelp.co.uk\/wp-content\/uploads\/2021\/03\/insolvencyhelp10-365x243.jpeg\" class=\"attachment-reobiz_blog-slider size-reobiz_blog-slider wp-image-843\" alt=\"Bounce Back Loan Insolvencyhelp.co.uk\" \/><\/div><\/a>\n\t\t\t\t<div class=\"elementor-post__badge\">Bez kategorii<\/div>\n\t\t\t\t<div class=\"elementor-post__text\">\n\t\t\t\t<h3 class=\"elementor-post__title\">\n\t\t\t<a href=\"https:\/\/insolvencyhelp.co.uk\/pl\/blog\/pomoc-biznesowa-dotyczaca-koronawirusa-jak-moge-ochronic-swoja-firme\/\" >\n\t\t\t\tPomoc biznesowa dotycz\u0105ca koronawirusa: jak mog\u0119 ochroni\u0107 swoj\u0105 firm\u0119?\t\t\t<\/a>\n\t\t<\/h3>\n\t\t\n\t\t<a class=\"elementor-post__read-more\" href=\"https:\/\/insolvencyhelp.co.uk\/pl\/blog\/pomoc-biznesowa-dotyczaca-koronawirusa-jak-moge-ochronic-swoja-firme\/\" aria-label=\"Read more about Pomoc biznesowa dotycz\u0105ca koronawirusa: jak mog\u0119 ochroni\u0107 swoj\u0105 firm\u0119?\" tabindex=\"-1\" >\n\t\t\tRead More \u00bb\t\t<\/a>\n\n\t\t\t\t<\/div>\n\t\t\t\t\t<\/div>\n\t\t<\/article>\n\t\t\t\t<\/div>\n\t\t\n\t\t\t\t\t\t<\/div>\n\t\t\t\t<\/div>\n\t\t\t\t<\/div>\n\t\t\t\t<\/div>\n\t\t\t\t<\/div>\n\t\t","protected":false},"excerpt":{"rendered":"<p>INSOLVENCY HELP Latest Insolvency news that all Company Directors should<\/p>\n","protected":false},"author":1,"featured_media":0,"parent":0,"menu_order":0,"comment_status":"closed","ping_status":"closed","template":"elementor_header_footer","meta":{"_uf_show_specific_survey":0,"_uf_disable_surveys":false,"footnotes":""},"class_list":["post-1292","page","type-page","status-publish","hentry"],"aioseo_notices":[],"_links":{"self":[{"href":"https:\/\/insolvencyhelp.co.uk\/pl\/wp-json\/wp\/v2\/pages\/1292","targetHints":{"allow":["GET"]}}],"collection":[{"href":"https:\/\/insolvencyhelp.co.uk\/pl\/wp-json\/wp\/v2\/pages"}],"about":[{"href":"https:\/\/insolvencyhelp.co.uk\/pl\/wp-json\/wp\/v2\/types\/page"}],"author":[{"embeddable":true,"href":"https:\/\/insolvencyhelp.co.uk\/pl\/wp-json\/wp\/v2\/users\/1"}],"replies":[{"embeddable":true,"href":"https:\/\/insolvencyhelp.co.uk\/pl\/wp-json\/wp\/v2\/comments?post=1292"}],"version-history":[{"count":6,"href":"https:\/\/insolvencyhelp.co.uk\/pl\/wp-json\/wp\/v2\/pages\/1292\/revisions"}],"predecessor-version":[{"id":17983,"href":"https:\/\/insolvencyhelp.co.uk\/pl\/wp-json\/wp\/v2\/pages\/1292\/revisions\/17983"}],"wp:attachment":[{"href":"https:\/\/insolvencyhelp.co.uk\/pl\/wp-json\/wp\/v2\/media?parent=1292"}],"curies":[{"name":"wp","href":"https:\/\/api.w.org\/{rel}","templated":true}]}}