{"id":1030,"date":"2021-03-06T21:56:24","date_gmt":"2021-03-06T21:56:24","guid":{"rendered":"https:\/\/insolvencyhelp.co.uk\/blog\/"},"modified":"2025-09-28T15:18:41","modified_gmt":"2025-09-28T15:18:41","slug":"ujdonsagok-es-tanacsok","status":"publish","type":"page","link":"https:\/\/insolvencyhelp.co.uk\/hu\/ujdonsagok-es-tanacsok\/","title":{"rendered":"Ujdons\u00e1gok \u00e9s tan\u00e1csok"},"content":{"rendered":"\t\t<div data-elementor-type=\"wp-page\" data-elementor-id=\"1030\" class=\"elementor elementor-1030 elementor-316\" data-elementor-post-type=\"page\">\n\t\t\t\t<div class=\"elementor-element elementor-element-59bbaaf e-con-full e-flex e-con e-parent\" data-id=\"59bbaaf\" data-element_type=\"container\" data-e-type=\"container\" data-settings=\"{&quot;background_background&quot;:&quot;classic&quot;}\">\n\t\t\t\t<div class=\"elementor-element elementor-element-9211fba elementor-widget elementor-widget-heading\" data-id=\"9211fba\" data-element_type=\"widget\" data-e-type=\"widget\" data-widget_type=\"heading.default\">\n\t\t\t\t<div class=\"elementor-widget-container\">\n\t\t\t\t\t<h2 class=\"elementor-heading-title elementor-size-default\">INSOLVENCY HELP<\/h2>\t\t\t\t<\/div>\n\t\t\t\t<\/div>\n\t\t\t\t<div class=\"elementor-element elementor-element-92fa78b elementor-widget__width-initial elementor-widget elementor-widget-heading\" data-id=\"92fa78b\" data-element_type=\"widget\" data-e-type=\"widget\" dark_mob_h=\"\" data-widget_type=\"heading.default\">\n\t\t\t\t<div class=\"elementor-widget-container\">\n\t\t\t\t\t<h1 class=\"elementor-heading-title elementor-size-default\">Latest Insolvency news that all Company Directors should read!<\/h1>\t\t\t\t<\/div>\n\t\t\t\t<\/div>\n\t\t\t\t<div class=\"elementor-element elementor-element-598950b elementor-widget__width-initial elementor-widget elementor-widget-heading\" data-id=\"598950b\" data-element_type=\"widget\" data-e-type=\"widget\" data-widget_type=\"heading.default\">\n\t\t\t\t<div class=\"elementor-widget-container\">\n\t\t\t\t\t<p class=\"elementor-heading-title elementor-size-default\">A comprehensive library of useful articles, guides, tips and advice for company directors. A must-visit for directors looking to gain further understanding<\/p>\t\t\t\t<\/div>\n\t\t\t\t<\/div>\n\t\t\t\t<\/div>\n\t\t<div class=\"elementor-element elementor-element-8e6f232 e-con-full e-flex e-con e-parent\" data-id=\"8e6f232\" data-element_type=\"container\" data-e-type=\"container\" data-settings=\"{&quot;background_background&quot;:&quot;classic&quot;}\">\n\t\t<div class=\"elementor-element elementor-element-bbdd22d e-con-full e-flex e-con e-child\" data-id=\"bbdd22d\" data-element_type=\"container\" data-e-type=\"container\">\n\t\t\t\t<\/div>\n\t\t\t\t<\/div>\n\t\t\t\t<\/div>\n\t\t","protected":false},"excerpt":{"rendered":"<p>INSOLVENCY HELP Latest Insolvency news that all Company Directors should read! A comprehensive library of useful articles, guides, tips and advice for company directors. A must-visit for directors looking to gain further understanding<\/p>\n","protected":false},"author":1,"featured_media":0,"parent":0,"menu_order":0,"comment_status":"closed","ping_status":"closed","template":"elementor_header_footer","meta":{"_uf_show_specific_survey":0,"_uf_disable_surveys":false,"footnotes":""},"class_list":["post-1030","page","type-page","status-publish","hentry"],"aioseo_notices":[],"_links":{"self":[{"href":"https:\/\/insolvencyhelp.co.uk\/hu\/wp-json\/wp\/v2\/pages\/1030","targetHints":{"allow":["GET"]}}],"collection":[{"href":"https:\/\/insolvencyhelp.co.uk\/hu\/wp-json\/wp\/v2\/pages"}],"about":[{"href":"https:\/\/insolvencyhelp.co.uk\/hu\/wp-json\/wp\/v2\/types\/page"}],"author":[{"embeddable":true,"href":"https:\/\/insolvencyhelp.co.uk\/hu\/wp-json\/wp\/v2\/users\/1"}],"replies":[{"embeddable":true,"href":"https:\/\/insolvencyhelp.co.uk\/hu\/wp-json\/wp\/v2\/comments?post=1030"}],"version-history":[{"count":2,"href":"https:\/\/insolvencyhelp.co.uk\/hu\/wp-json\/wp\/v2\/pages\/1030\/revisions"}],"predecessor-version":[{"id":17982,"href":"https:\/\/insolvencyhelp.co.uk\/hu\/wp-json\/wp\/v2\/pages\/1030\/revisions\/17982"}],"wp:attachment":[{"href":"https:\/\/insolvencyhelp.co.uk\/hu\/wp-json\/wp\/v2\/media?parent=1030"}],"curies":[{"name":"wp","href":"https:\/\/api.w.org\/{rel}","templated":true}]}}